{"id":108,"date":"2024-06-11T19:02:46","date_gmt":"2024-06-11T19:02:46","guid":{"rendered":"https:\/\/gpcnutrition.wpenginepowered.com\/?page_id=108"},"modified":"2024-07-31T19:15:12","modified_gmt":"2024-07-31T19:15:12","slug":"nutrition-puzzle-home","status":"publish","type":"page","link":"https:\/\/diversificationpuzzle.mycintasbenefits.com\/es\/","title":{"rendered":"Inicio de Diversity Puzzle"},"content":{"rendered":"<p>[et_pb_section fb_built=\"1\u2033 admin_label=\"puzzle - section\" _builder_version=\"4.25.0\u2033 _module_preset=\"default\" background_color=\"#FFFFFF\" background_image=\"https:\/\/diversificationpuzzle.mycintasbenefits.com\/wp-content\/uploads\/2024\/07\/revised-pageBG-2024v2.png\" background_size=\"contain\" background_position=\"center_right\" height=\"299px\" custom_margin=\"||1em||false|false\" custom_padding=\"0px||0px||false|false\" global_colors_info=\"{}\"][et_pb_row disabled_on=\"off|off|off\" _builder_version=\"4.25.0\u2033 _module_preset=\"default\" background_color=\"RGBA(255,255,255,0)\" background_enable_image=\"off\" custom_padding=\"|30px||30px|false|false\" global_colors_info=\"{}\"][et_pb_column type=\"4_4\u2033 _builder_version=\"4.16\u2033 _module_preset=\"default\" global_colors_info=\"{}\"][et_pb_text _builder_version=\"4.25.0\u2033 _module_preset=\"ff7ab20f-ac1f-4d15-a70e-334c4d5d9769\u2033 custom_padding=\"28px||||false|false\" global_colors_info=\"{}\"]<\/p>\n<h1>Explore los fundamentos de la diversificaci\u00f3n <\/h1>\n<p>[\/et_pb_text][et_pb_text admin_label=\"texto de introducci\u00f3n\" module_class=\"comic_style_text reg_txt\" _builder_version=\"4.25.0\u2033 _module_preset=\"default\" text_font=\"Roboto||||||||\" text_text_color=\"#000000\u2033 text_font_size=\"16.5px\" text_line_height=\"1.45em\" ul_font_size=\"16.5px\" ul_line_height=\"1.43em\" header_2_text_color=\"#1c3679\u2033 header_2_line_height=\"1.3em\" header_3_text_color=\"#0C71C3\u2033 header_3_font_size=\"23px\" custom_padding=\"11px|3em|0.5em||false|false\" custom_padding_tablet=\"|2.2em||2.2em|false|false\" custom_padding_phone=\"|1.8em||1.8em|false|false\" custom_padding_last_edited=\"on|phone\" header_3_font_size_tablet=\"23px\" header_3_font_size_phone=\"21px\" header_3_font_size_last_edited=\"on|phone\" header_3_line_height_tablet=\"\" header_3_line_height_phone=\"1.1em\" header_3_line_height_last_edited=\"on|phone\" locked=\"off\" global_colors_info=\"{}\"]<\/p>\n<h2>Resuelve el rompecabezas que aparece a continuaci\u00f3n para saber m\u00e1s sobre la importancia de la diversificaci\u00f3n y c\u00f3mo puede ayudarte a sacar el m\u00e1ximo partido a tus aportaciones.<\/h2>\n<ul>\n<li>Arrastra las piezas del puzzle hasta su lugar para completarlo.<\/li>\n<li>Una vez completado el rompecabezas, se le pedir\u00e1 que lea tres art\u00edculos breves.<\/li>\n<li>Haga clic en <strong>SIGUIENTE<\/strong> para avanzar al siguiente art\u00edculo.<\/li>\n<\/ul>\n<p>[\/et_pb_text][et_pb_code disabled_on=\"off|off|off\" admin_label=\"c\u00f3digo del puzzle\" _builder_version=\"4.25.0\u2033 _module_preset=\"default\" global_colors_info=\"{}\"]<script src=\"\/puzzleAssets\/headbreaker.js\"><\/script><!-- [et_pb_line_break_holder] --><link rel=\"stylesheet\" href=\"\/puzzleAssets\/puzzle.css\"><!-- [et_pb_line_break_holder] --><\/p>\n<div id=\"wrapper\" style=\"min-height: 780px; width: 100%\"><!-- [et_pb_line_break_holder] -->  <\/p>\n<div id=\"my-canvas\"><\/div>\n<p><!-- [et_pb_line_break_holder] -->  <img class=\"\" width=\"100%\"<!--no numeric noise key 1005-->    src='\/wp-content\/uploads\/2024\/07\/diversification-puzzle.jpg' \/&gt;<!-- [et_pb_line_break_holder] --><\/div>\n<p><!-- [et_pb_line_break_holder] --><!-- [et_pb_line_break_holder] --><script><!-- [et_pb_line_break_holder] -->  let berni = new Image();<!-- [et_pb_line_break_holder] -->  berni.src = '\/wp-content\/uploads\/2024\/07\/diversification-puzzle.jpg';<!-- [et_pb_line_break_holder] -->  berni.onload = () => {<!-- [et_pb_line_break_holder] -->     const sound = new headbreaker.Canvas('my-canvas', {<!-- [et_pb_line_break_holder] -->                width: 1000, height: 700,<!-- [et_pb_line_break_holder] -->                pieceSize: { x:200, y: 180 }, proximity: 10,<!-- [et_pb_line_break_holder] -->                borderFill: 0, strokeWidth: 3,<!-- [et_pb_line_break_holder] -->                lineSoftness: 0.05, image: berni,<!-- [et_pb_line_break_holder] -->                strokeColor: 'black',<!-- [et_pb_line_break_holder] -->                preventOffstageDrag: true,<!-- [et_pb_line_break_holder] -->                outline: new headbreaker.outline.Rounded()<!-- [et_pb_line_break_holder] -->       <!-- [et_pb_line_break_holder] -->            });<!-- [et_pb_line_break_holder] --><!-- [et_pb_line_break_holder] -->    sound.adjustImagesToPuzzleWidth();<!-- [et_pb_line_break_holder] -->    sound.autogenerate({<!-- [et_pb_line_break_holder] -->      horizontalPiecesCount: 4,<!-- [et_pb_line_break_holder] -->      verticalPiecesCount: 3<!-- [et_pb_line_break_holder] -->    });<!-- [et_pb_line_break_holder] --><!-- [et_pb_line_break_holder] -->    sound.puzzle.pieces[4].translate(63, -56);<!-- [et_pb_line_break_holder] -->    sound.shuffle(0.9);<!-- [et_pb_line_break_holder] -->    sound.draw();<!-- [et_pb_line_break_holder] --><!-- [et_pb_line_break_holder] -->    sound.onConnect((_piece, figure, _target, targetFigure) => {<!-- [et_pb_line_break_holder] --><!-- [et_pb_line_break_holder] -->      \/\/ paint borders on click<!-- [et_pb_line_break_holder] -->      \/\/ of conecting and conected figures<!-- [et_pb_line_break_holder] -->      figure.shape.stroke('yellow');<!-- [et_pb_line_break_holder] -->      targetFigure.shape.stroke('yellow');<!-- [et_pb_line_break_holder] -->      sound.redraw();<!-- [et_pb_line_break_holder] --><!-- [et_pb_line_break_holder] -->      setTimeout(() => {<!-- [et_pb_line_break_holder] -->        \/\/ restore border colors<!-- [et_pb_line_break_holder] -->        \/\/ later<!-- [et_pb_line_break_holder] -->        figure.shape.stroke('black');<!-- [et_pb_line_break_holder] -->        targetFigure.shape.stroke('black');<!-- [et_pb_line_break_holder] -->        sound.redraw();<!-- [et_pb_line_break_holder] -->      }, 200);<!-- [et_pb_line_break_holder] -->    });<!-- [et_pb_line_break_holder] -->    sound.attachSolvedValidator();<!-- [et_pb_line_break_holder] -->    sound.onValid(() => {<!-- [et_pb_line_break_holder] -->      setTimeout(() => {<!-- [et_pb_line_break_holder] -->        document.getElementById('wrapper').classList.add('active');<!-- [et_pb_line_break_holder] -->        document.getElementById('blurb-tabs').classList.remove('hidden');<!-- [et_pb_line_break_holder] -->        <!-- [et_pb_line_break_holder] -->        \/\/ DiviArea.show(\"#enter-to-win\");<!-- [et_pb_line_break_holder] -->        setTimeout(() => {<!-- [et_pb_line_break_holder] -->          $([document.documentElement, document.body]).animate({<!-- [et_pb_line_break_holder] -->              scrollTop: $(\"#blurb-tabs\").offset().top<!-- [et_pb_line_break_holder] -->          }, 500);<!-- [et_pb_line_break_holder] -->          \/\/ window.location.href = \"#blurb-tabs\";<!-- [et_pb_line_break_holder] -->        }, 1000)<!-- [et_pb_line_break_holder] -->      }, 500);<!-- [et_pb_line_break_holder] -->    })<!-- [et_pb_line_break_holder] -->  }<!-- [et_pb_line_break_holder] --><\/script>[\/et_pb_code][\/et_pb_column][\/et_pb_row][\/et_pb_section][et_pb_section fb_built=\"1\u2033 admin_label=\"blurb - tab - section\" module_id=\"blurb-tabs\" module_class=\"hidden\" _builder_version=\"4.25.0\u2033 _module_preset=\"default\" background_color=\"#FFFFFF\" collapsed=\"off\" global_colors_info=\"{}\"][et_pb_row _builder_version=\"4.17.4\u2033 _module_preset=\"default\" custom_margin=\"0px||1em||false|false\" custom_padding=\"0px||0px||false|false\" global_colors_info=\"{}\"][et_pb_column type=\"4_4\u2033 _builder_version=\"4.17.4\u2033 _module_preset=\"default\" global_colors_info=\"{}\"][et_pb_image src=\"https:\/\/diversificationpuzzle.mycintasbenefits.com\/wp-content\/uploads\/2024\/06\/next-arrow-en.png\" title_text=\"next-arrow-hover-en\" url=\"\/slide-1\/\" align=\"center\" admin_label=\"flecha siguiente\" _builder_version=\"4.25.0\u2033 _module_preset=\"default\" transform_scale_last_edited=\"off|desktop\" transform_translate=\"0px|-374px\" transform_translate_last_edited=\"off|desktop\" transform_rotate_last_edited=\"off|desktop\" transform_skew_last_edited=\"off|desktop\" transform_origin_last_edited=\"off|desktop\" width=\"20%\" max_width=\"20%\" animation_style=\"deslizar\" animation_direction=\"izquierda\" animation_duration=\"900ms\" animation_delay=\"200ms\" animation_intensity_slide=\"2%\" animation_starting_opacity=\"100%\" animation_repeat=\"loop\" animation=\"off\" global_colors_info=\"{}\" src__hover_enabled=\"off|desktop\" transform_translate__hover_enabled=\"off|desktop\" transform_rotate__hover_enabled=\"off|desktop\" transform_skew__hover_enabled=\"off|desktop\" transform_origin__hover_enabled=\"off|desktop\"][\/et_pb_image][et_pb_image src=\"https:\/\/diversificacionpuzzle.mycintasbenefits.com\/wp-content\/uploads\/2024\/06\/next-arrow-en.png\" title_text=\"next-arrow-hover-en\" url=\"\/slide-1\/\" align=\"center\" disabled_on=\"on|on|on\" admin_label=\"flecha siguiente\" _builder_version=\"4.25.0\u2033 _module_preset=\"default\" width=\"20%\" max_width=\"20%\" animation_style=\"slide\" animation_direction=\"left\" animation_duration=\"750ms\" animation_delay=\"100ms\" animation_intensity_slide=\"2%\" animation_starting_opacity=\"100%\" animation_repeat=\"loop\" animation=\"off\" disabled=\"on\" global_colors_info=\"{}\" src__hover_enabled=\"on|desktop\" src__hover=\"\"][\/et_pb_image][et_pb_blurb title=\"Desplazamiento\" use_icon=\"on\" font_icon=\";||divi||400\u2033 icon_color=\"#9A3324\u2033 image_icon_width=\"50px\" disabled_on=\"on|on|on\" _builder_version=\"4.17.4\u2033 _module_preset=\"default\" header_font=\"|700|on||||||\" header_text_align=\"center\" header_text_color=\"#4E3629\u2033 header_font_size=\"18.5px\" custom_margin=\"1em|||0px||false|false\" custom_padding=\"||0px||false|false\" animation_style=\"slide\" animation_direction=\"top\" animation_duration=\"500ms\" animation_intensity_slide=\"7%\" animation_starting_opacity=\"100%\" animation_speed_curve=\"ease-in\" animation_repeat=\"loop\" animation=\"off\" custom_css_main_element=\"\/* Efecto bucle suave *\/||animation-direction: \u00a1alternate;||\/* Force full opacity always *\/||opacity: 1 !important;\" custom_css_blurb_image=\"margin-bottom: 6px;\" disabled=\"on\" global_colors_info=\"{}\"][\/et_pb_blurb][\/et_pb_column][\/et_pb_row][\/et_pb_section][et_pb_section fb_built=\"1\u2033 _builder_version=\"4.25.0\u2033 _module_preset=\"default\" global_colors_info=\"{}\"][et_pb_row _builder_version=\"4.25.0\u2033 _module_preset=\"default\" global_colors_info=\"{}\"][et_pb_column type=\"4_4\u2033 _builder_version=\"4.25.0\u2033 _module_preset=\"default\" global_colors_info=\"{}\"][et_pb_image _builder_version=\"4.25.0\u2033 _module_preset=\"default\" global_colors_info=\"{}\"][\/et_pb_image][\/et_pb_column][\/et_pb_row][\/et_pb_section]<\/p>","protected":false},"excerpt":{"rendered":"<p>Explora los fundamentos de la diversificaci\u00f3n Resuelve el puzzle que aparece a continuaci\u00f3n para aprender m\u00e1s sobre la importancia de la diversificaci\u00f3n y c\u00f3mo puede ayudarte a sacar el m\u00e1ximo partido a tus aportaciones. Arrastre las piezas del puzzle hasta su lugar para completarlo. Una vez completado el puzzle, se le pedir\u00e1 que lea tres art\u00edculos breves. Haga clic en SIGUIENTE [...]<\/p>","protected":false},"author":2,"featured_media":0,"parent":0,"menu_order":0,"comment_status":"closed","ping_status":"closed","template":"page-template-blank.php","meta":{"_et_pb_use_builder":"on","_et_pb_old_content":"","_et_gb_content_width":"","footnotes":""},"dipi_cpt_category":[],"class_list":["post-108","page","type-page","status-publish","hentry"],"featured_image_src":null,"featured_image_src_square":null,"_links":{"self":[{"href":"https:\/\/diversificationpuzzle.mycintasbenefits.com\/es\/wp-json\/wp\/v2\/pages\/108","targetHints":{"allow":["GET"]}}],"collection":[{"href":"https:\/\/diversificationpuzzle.mycintasbenefits.com\/es\/wp-json\/wp\/v2\/pages"}],"about":[{"href":"https:\/\/diversificationpuzzle.mycintasbenefits.com\/es\/wp-json\/wp\/v2\/types\/page"}],"author":[{"embeddable":true,"href":"https:\/\/diversificationpuzzle.mycintasbenefits.com\/es\/wp-json\/wp\/v2\/users\/2"}],"replies":[{"embeddable":true,"href":"https:\/\/diversificationpuzzle.mycintasbenefits.com\/es\/wp-json\/wp\/v2\/comments?post=108"}],"version-history":[{"count":0,"href":"https:\/\/diversificationpuzzle.mycintasbenefits.com\/es\/wp-json\/wp\/v2\/pages\/108\/revisions"}],"wp:attachment":[{"href":"https:\/\/diversificationpuzzle.mycintasbenefits.com\/es\/wp-json\/wp\/v2\/media?parent=108"}],"wp:term":[{"taxonomy":"dipi_cpt_category","embeddable":true,"href":"https:\/\/diversificationpuzzle.mycintasbenefits.com\/es\/wp-json\/wp\/v2\/dipi_cpt_category?post=108"}],"curies":[{"name":"wp","href":"https:\/\/api.w.org\/{rel}","templated":true}]}}