{"id":46,"date":"2024-04-19T11:43:28","date_gmt":"2024-04-19T11:43:28","guid":{"rendered":"https:\/\/GPCWELLNESSWORKSHOPS.COM\/?page_id=46"},"modified":"2024-07-25T13:31:08","modified_gmt":"2024-07-25T13:31:08","slug":"slide-1","status":"publish","type":"page","link":"https:\/\/diversificationpuzzle.mycintasbenefits.com\/es\/slide-1\/","title":{"rendered":"diapositiva 1"},"content":{"rendered":"<p>[et_pb_section fb_built=&#8221;1&#8243; custom_padding_last_edited=&#8221;on|tablet&#8221; _builder_version=&#8221;4.25.1&#8243; _module_preset=&#8221;default&#8221; background_image=&#8221;https:\/\/diversificationpuzzle.mycintasbenefits.com\/wp-content\/uploads\/2024\/07\/revised-pageBG-2024v2.png&#8221; background_size=&#8221;initial&#8221; background_position=&#8221;top_right&#8221; custom_margin=&#8221;0px||||false|false&#8221; custom_margin_tablet=&#8221;0px||0px||false|false&#8221; custom_margin_phone=&#8221;0px||0px||false|false&#8221; custom_margin_last_edited=&#8221;on|phone&#8221; custom_padding=&#8221;0px||0px||false|false&#8221; custom_padding_tablet=&#8221;0px||0px||false|false&#8221; custom_padding_phone=&#8221;0em||||false|false&#8221; top_divider_color=&#8221;gcid-52da7620-58d6-4b73-9fdd-7e4a34a714d0&#8243; top_divider_height=&#8221;76px&#8221; top_divider_flip=&#8221;horizontal&#8221; top_divider_height_tablet=&#8221;53px&#8221; top_divider_height_phone=&#8221;43px&#8221; top_divider_height_last_edited=&#8221;on|phone&#8221; background_color_tablet=&#8221;#FFFFFF&#8221; background_last_edited=&#8221;on|phone&#8221; background_enable_color_tablet=&#8221;on&#8221; use_background_color_gradient_tablet=&#8221;off&#8221; background_color_gradient_overlays_image_tablet=&#8221;on&#8221; background_vertical_offset_phone=&#8221;0%&#8221; locked=&#8221;off&#8221; global_colors_info=&#8221;{%22gcid-52da7620-58d6-4b73-9fdd-7e4a34a714d0%22:%91%22top_divider_color%22%93}&#8221;][et_pb_row use_custom_gutter=&#8221;on&#8221; gutter_width=&#8221;2&#8243; custom_padding_last_edited=&#8221;on|phone&#8221; _builder_version=&#8221;4.25.1&#8243; _module_preset=&#8221;default&#8221; custom_margin=&#8221;||||false|false&#8221; custom_margin_tablet=&#8221;0px||0em||false|false&#8221; custom_margin_phone=&#8221;||0em||false|false&#8221; custom_margin_last_edited=&#8221;on|phone&#8221; custom_padding=&#8221;6em||2em||false|false&#8221; custom_padding_tablet=&#8221;5.5em||2.5em||false|false&#8221; custom_padding_phone=&#8221;4.5em||||false|false&#8221; locked=&#8221;off&#8221; global_colors_info=&#8221;{}&#8221;][et_pb_column type=&#8221;4_4&#8243; _builder_version=&#8221;4.16&#8243; _module_preset=&#8221;default&#8221; custom_padding_tablet=&#8221;||0px||false|false&#8221; custom_padding_phone=&#8221;&#8221; custom_padding_last_edited=&#8221;on|tablet&#8221; global_colors_info=&#8221;{}&#8221;][et_pb_text _builder_version=&#8221;4.25.0&#8243; _module_preset=&#8221;ff7ab20f-ac1f-4d15-a70e-334c4d5d9769&#8243; global_colors_info=&#8221;{}&#8221;]<\/p>\n<h1>\u00bfQu\u00e9 es la diversificaci\u00f3n de carteras?<\/h1>\n<p>[\/et_pb_text][\/et_pb_column][\/et_pb_row][et_pb_row column_structure=&#8221;2_3,1_3&#8243; _builder_version=&#8221;4.25.0&#8243; _module_preset=&#8221;default&#8221; custom_margin=&#8221;0px||||false|false&#8221; custom_padding=&#8221;0px||||false|false&#8221; global_colors_info=&#8221;{}&#8221;][et_pb_column type=&#8221;2_3&#8243; _builder_version=&#8221;4.25.0&#8243; _module_preset=&#8221;default&#8221; global_colors_info=&#8221;{}&#8221;][et_pb_text _builder_version=&#8221;4.25.0&#8243; _module_preset=&#8221;26d33934-52df-4a9a-a939-4a8cd90c2eca&#8221; header_2_font_size=&#8221;24px&#8221; header_2_line_height=&#8221;1.2em&#8221; custom_margin=&#8221;|0px|||false|false&#8221; custom_padding=&#8221;|0px|||false|false&#8221; hover_enabled=&#8221;0&#8243; global_colors_info=&#8221;{}&#8221; sticky_enabled=&#8221;0&#8243;]<\/p>\n<p>El riesgo es una parte inevitable de la inversi\u00f3n, pero puede gestionar los riesgos que asume diversificando.<\/p>\n<p>La diversificaci\u00f3n es una de las estrategias de inversi\u00f3n m\u00e1s b\u00e1sicas y populares al alcance de todo tipo de inversores, desde los fondos de cobertura y de pensiones m\u00e1s sofisticados hasta los universitarios que abren su primer plan de pensiones 401(k).<\/p>\n<p>La idea de la diversificaci\u00f3n es sencilla: No ponga todos los huevos en la misma cesta.<\/p>\n<p>En lugar de, por ejemplo, apostar todos sus ahorros a las acciones de una \u00fanica empresa favorita, su objetivo es poseer acciones de varias empresas de distintos sectores y algunos otros tipos de inversiones, como bonos.<\/p>\n<p>Tener una combinaci\u00f3n equilibrada le protege en caso de que alguna inversi\u00f3n concreta que posea tenga un mal a\u00f1o. \"Nunca se sabe qu\u00e9 clase de activos va a estar a favor o en contra durante el a\u00f1o\", afirma Amy Arnott, estratega de carteras de Morningstar en Chicago.<\/p>\n<p><em>Fuente: Buy Side del Wall Street Journal, \u00bfQu\u00e9 es la diversificaci\u00f3n de carteras? Por Anna-Louise-Jackson, 24 de mayo de 2024<\/em><\/p>\n<p>[\/et_pb_text][et_pb_text _builder_version=&#8221;4.25.0&#8243; _module_preset=&#8221;default&#8221; global_colors_info=&#8221;{}&#8221;]<\/p>\n<p><em>Fuente: Buy Side del Wall Street Journal, \u00bfQu\u00e9 es la diversificaci\u00f3n de carteras? Por Anna-Louise-Jackson, 24 de mayo de 2024<\/em><\/p>\n<p>[\/et_pb_text][\/et_pb_column][et_pb_column type=&#8221;1_3&#8243; _builder_version=&#8221;4.25.0&#8243; _module_preset=&#8221;default&#8221; global_colors_info=&#8221;{}&#8221;][et_pb_image src=&#8221;https:\/\/diversificationpuzzle.mycintasbenefits.com\/wp-content\/uploads\/2024\/07\/portfolio-review.jpg&#8221; title_text=&#8221;portfolio-review&#8221; disabled_on=&#8221;on|on|off&#8221; _builder_version=&#8221;4.25.0&#8243; _module_preset=&#8221;default&#8221; global_colors_info=&#8221;{}&#8221;][\/et_pb_image][\/et_pb_column][\/et_pb_row][\/et_pb_section][et_pb_section fb_built=&#8221;1&#8243; _builder_version=&#8221;4.25.0&#8243; _module_preset=&#8221;default&#8221; background_enable_image=&#8221;off&#8221; background_size=&#8221;contain&#8221; background_position=&#8221;top_right&#8221; custom_padding=&#8221;0px||65px||false|false&#8221; global_colors_info=&#8221;{}&#8221;][et_pb_row column_structure=&#8221;1_3,1_3,1_3&#8243; custom_padding_last_edited=&#8221;on|tablet&#8221; _builder_version=&#8221;4.25.0&#8243; _module_preset=&#8221;default&#8221; custom_padding_tablet=&#8221;&#8221; custom_padding_phone=&#8221;&#8221; animation_style=&#8221;fade&#8221; animation_delay=&#8221;600ms&#8221; global_colors_info=&#8221;{}&#8221; custom_css_main_element_last_edited=&#8221;on|phone&#8221; custom_css_main_element_tablet=&#8221;display: flex;&#8221; custom_css_main_element_phone=&#8221;display: flex;||flex-wrap: wrap;&#8221;][et_pb_column type=&#8221;1_3&#8243; _builder_version=&#8221;4.25.0&#8243; _module_preset=&#8221;default&#8221; custom_padding_tablet=&#8221;&#8221; custom_padding_phone=&#8221;||||false|false&#8221; custom_padding_last_edited=&#8221;on|phone&#8221; global_colors_info=&#8221;{}&#8221; custom_css_main_element_last_edited=&#8221;on|phone&#8221; custom_css_main_element_phone=&#8221;width: 50% !important;&#8221;][et_pb_button button_url=&#8221;https:\/\/gpcnutrition.wpenginepowered.com\/&#8221; button_text=&#8221;Back&#8221; button_alignment=&#8221;center&#8221; button_alignment_tablet=&#8221;center&#8221; button_alignment_phone=&#8221;center&#8221; button_alignment_last_edited=&#8221;on|phone&#8221; disabled_on=&#8221;on|on|on&#8221; _builder_version=&#8221;4.25.0&#8243; _module_preset=&#8221;default&#8221; custom_button=&#8221;on&#8221; button_text_size=&#8221;21px&#8221; button_text_color=&#8221;#FFFFFF&#8221; button_bg_color=&#8221;#000000&#8243; button_border_width=&#8221;0px&#8221; button_border_radius=&#8221;0px&#8221; button_letter_spacing=&#8221;2px&#8221; button_font=&#8221;||on||||||&#8221; button_icon=&#8221;&#xf104;||fa||900&#8243; button_icon_placement=&#8221;left&#8221; transform_skew_linked=&#8221;off&#8221; custom_margin=&#8221;|24px|-1px||false|false&#8221; custom_margin_tablet=&#8221;|0px|||false|false&#8221; custom_margin_phone=&#8221;|0px|||false|false&#8221; custom_margin_last_edited=&#8221;on|desktop&#8221; custom_padding=&#8221;3px|25px|4px|25px|false|true&#8221; custom_css_main_element=&#8221;font-family: %22classic-comic%22, sans-serif;||font-weight: 700;||font-style: normal;&#8221; disabled=&#8221;on&#8221; locked=&#8221;off&#8221; global_colors_info=&#8221;{}&#8221; custom_padding__hover_enabled=&#8221;on|desktop&#8221; custom_padding__hover=&#8221;|25px||39px|true|false&#8221;][\/et_pb_button][et_pb_button button_url=&#8221;https:\/\/mycintasbenefits.com\/documents\/2024_US_Livewell_Guide_24-0513B.pdf&#8221; url_new_window=&#8221;on&#8221; button_text=&#8221;Next&#8221; button_alignment=&#8221;center&#8221; button_alignment_tablet=&#8221;center&#8221; button_alignment_phone=&#8221;center&#8221; button_alignment_last_edited=&#8221;on|desktop&#8221; disabled_on=&#8221;on|on|on&#8221; _builder_version=&#8221;4.25.0&#8243; _module_preset=&#8221;default&#8221; custom_button=&#8221;on&#8221; button_text_size=&#8221;17px&#8221; button_text_color=&#8221;#FFFFFF&#8221; button_bg_color=&#8221;#1C3679&#8243; button_border_width=&#8221;0px&#8221; button_border_color=&#8221;RGBA(255,255,255,0)&#8221; button_border_radius=&#8221;28px&#8221; button_font=&#8221;|600|||||||&#8221; button_icon=&#8221;&#x24;||divi||400&#8243; custom_padding=&#8221;|28px||28px|false|false&#8221; disabled=&#8221;on&#8221; global_colors_info=&#8221;{}&#8221; custom_padding__hover_enabled=&#8221;on|desktop&#8221; custom_padding__hover=&#8221;|36px||24px|false|false&#8221;][\/et_pb_button][\/et_pb_column][et_pb_column type=&#8221;1_3&#8243; _builder_version=&#8221;4.25.0&#8243; _module_preset=&#8221;default&#8221; global_colors_info=&#8221;{}&#8221; custom_css_main_element_last_edited=&#8221;on|desktop&#8221; custom_css_main_element_phone=&#8221;order: 3;&#8221;][et_pb_text _builder_version=&#8221;4.25.0&#8243; _module_preset=&#8221;default&#8221; text_font=&#8221;||||||||&#8221; text_text_color=&#8221;#261F6A&#8221; text_font_size=&#8221;17px&#8221; custom_padding=&#8221;10px||||false|false&#8221; global_colors_info=&#8221;{}&#8221;]<\/p>\n<p style=\"text-align: center;\">Diapositiva 1 de 3<\/p>\n<p>[\/et_pb_text][\/et_pb_column][et_pb_column type=&#8221;1_3&#8243; _builder_version=&#8221;4.25.0&#8243; _module_preset=&#8221;default&#8221; global_colors_info=&#8221;{}&#8221; custom_css_main_element_last_edited=&#8221;on|phone&#8221; custom_css_main_element_phone=&#8221;order: 2;||width: 50% !important;&#8221;][et_pb_button button_url=&#8221;\/slide-2\/&#8221; button_text=&#8221;Next&#8221; button_alignment=&#8221;center&#8221; button_alignment_tablet=&#8221;center&#8221; button_alignment_phone=&#8221;center&#8221; button_alignment_last_edited=&#8221;on|desktop&#8221; _builder_version=&#8221;4.25.0&#8243; _module_preset=&#8221;default&#8221; custom_button=&#8221;on&#8221; button_text_size=&#8221;17px&#8221; button_text_color=&#8221;#FFFFFF&#8221; button_bg_color=&#8221;#1C3679&#8243; button_border_width=&#8221;0px&#8221; button_border_color=&#8221;RGBA(255,255,255,0)&#8221; button_border_radius=&#8221;28px&#8221; button_font=&#8221;|600|||||||&#8221; button_icon=&#8221;&#x24;||divi||400&#8243; custom_padding=&#8221;|28px||28px|false|false&#8221; global_colors_info=&#8221;{}&#8221; custom_padding__hover_enabled=&#8221;on|desktop&#8221; custom_padding__hover=&#8221;|36px||24px|false|false&#8221;][\/et_pb_button][\/et_pb_column][\/et_pb_row][\/et_pb_section]<\/p>","protected":false},"excerpt":{"rendered":"<p>What is portfolio diversification?Risk is an inevitable part of investing, but you can manage the risks you take by diversifying. Diversification is one of the most basic and popular investing strategies available to all manner of investors, from the most sophisticated hedge funds and pension funds to college grads opening their first 401(k)s. The idea [&hellip;]<\/p>","protected":false},"author":2,"featured_media":0,"parent":0,"menu_order":0,"comment_status":"closed","ping_status":"closed","template":"page-template-blank.php","meta":{"_et_pb_use_builder":"on","_et_pb_old_content":"","_et_gb_content_width":"","footnotes":""},"dipi_cpt_category":[],"class_list":["post-46","page","type-page","status-publish","hentry"],"featured_image_src":null,"featured_image_src_square":null,"_links":{"self":[{"href":"https:\/\/diversificationpuzzle.mycintasbenefits.com\/es\/wp-json\/wp\/v2\/pages\/46","targetHints":{"allow":["GET"]}}],"collection":[{"href":"https:\/\/diversificationpuzzle.mycintasbenefits.com\/es\/wp-json\/wp\/v2\/pages"}],"about":[{"href":"https:\/\/diversificationpuzzle.mycintasbenefits.com\/es\/wp-json\/wp\/v2\/types\/page"}],"author":[{"embeddable":true,"href":"https:\/\/diversificationpuzzle.mycintasbenefits.com\/es\/wp-json\/wp\/v2\/users\/2"}],"replies":[{"embeddable":true,"href":"https:\/\/diversificationpuzzle.mycintasbenefits.com\/es\/wp-json\/wp\/v2\/comments?post=46"}],"version-history":[{"count":0,"href":"https:\/\/diversificationpuzzle.mycintasbenefits.com\/es\/wp-json\/wp\/v2\/pages\/46\/revisions"}],"wp:attachment":[{"href":"https:\/\/diversificationpuzzle.mycintasbenefits.com\/es\/wp-json\/wp\/v2\/media?parent=46"}],"wp:term":[{"taxonomy":"dipi_cpt_category","embeddable":true,"href":"https:\/\/diversificationpuzzle.mycintasbenefits.com\/es\/wp-json\/wp\/v2\/dipi_cpt_category?post=46"}],"curies":[{"name":"wp","href":"https:\/\/api.w.org\/{rel}","templated":true}]}}